{"id":93,"date":"2026-03-01T21:29:34","date_gmt":"2026-03-01T21:29:34","guid":{"rendered":"https:\/\/wikwiat.com\/?page_id=93"},"modified":"2026-03-03T08:51:10","modified_gmt":"2026-03-03T08:51:10","slug":"devenez-hebergeur","status":"publish","type":"page","link":"https:\/\/wikwiat.com\/en\/devenez-hebergeur\/","title":{"rendered":"Devenez h\u00e9bergeur"},"content":{"rendered":"\n<div class=\"wp-block-cover alignfull has-accent-1-color has-text-color has-link-color wp-elements-194033334b2b0309a0b8144c96f75399\" style=\"margin-top:0;margin-bottom:0;padding-top:var(--wp--preset--spacing--50);padding-right:var(--wp--preset--spacing--50);padding-bottom:var(--wp--preset--spacing--50);padding-left:var(--wp--preset--spacing--50);min-height:100vh;aspect-ratio:unset;\"><img loading=\"lazy\" decoding=\"async\" width=\"1024\" height=\"683\" class=\"wp-block-cover__image-background wp-image-257 size-large\" alt=\"\" src=\"https:\/\/wikwiat.com\/wp-content\/uploads\/2026\/01\/pexels-fauxels-3182812-1024x683.jpg\" data-object-fit=\"cover\" srcset=\"https:\/\/wikwiat.com\/wp-content\/uploads\/2026\/01\/pexels-fauxels-3182812-1024x683.jpg 1024w, https:\/\/wikwiat.com\/wp-content\/uploads\/2026\/01\/pexels-fauxels-3182812-300x200.jpg 300w, https:\/\/wikwiat.com\/wp-content\/uploads\/2026\/01\/pexels-fauxels-3182812-768x512.jpg 768w, https:\/\/wikwiat.com\/wp-content\/uploads\/2026\/01\/pexels-fauxels-3182812-1536x1024.jpg 1536w, https:\/\/wikwiat.com\/wp-content\/uploads\/2026\/01\/pexels-fauxels-3182812-2048x1365.jpg 2048w, https:\/\/wikwiat.com\/wp-content\/uploads\/2026\/01\/pexels-fauxels-3182812-18x12.jpg 18w\" sizes=\"auto, (max-width: 1024px) 100vw, 1024px\" \/><span aria-hidden=\"true\" class=\"wp-block-cover__background has-accent-5-background-color has-background-dim-60 has-background-dim\"><\/span><div class=\"wp-block-cover__inner-container has-global-padding is-layout-constrained wp-container-core-cover-is-layout-b25ccd55 wp-block-cover-is-layout-constrained\">\n<div class=\"wp-block-group alignwide is-vertical is-content-justification-stretch is-layout-flex wp-container-core-group-is-layout-ae24f51d wp-block-group-is-layout-flex\" style=\"min-height:100vh\">\n<div class=\"wp-block-columns alignwide is-layout-flex wp-container-core-columns-is-layout-7f3773af wp-block-columns-is-layout-flex\">\n<div class=\"wp-block-column is-layout-flow wp-block-column-is-layout-flow\" style=\"flex-basis:80%\">\n<h2 class=\"wp-block-heading alignwide has-text-align-left\" style=\"font-size:12vw;font-style:normal;font-weight:300;line-height:0.9\">Devenez h\u00e9bergeur !<\/h2>\n<\/div>\n\n\n\n<div class=\"wp-block-column is-layout-flow wp-block-column-is-layout-flow\" style=\"flex-basis:20%\">\n<p class=\"has-text-align-right\">R\u00e9gion PACA<\/p>\n<\/div>\n<\/div>\n\n\n\n<div class=\"wp-block-columns alignwide are-vertically-aligned-bottom is-not-stacked-on-mobile is-layout-flex wp-container-core-columns-is-layout-28f84493 wp-block-columns-is-layout-flex\">\n<div class=\"wp-block-column is-vertically-aligned-bottom is-layout-flow wp-block-column-is-layout-flow\" style=\"flex-basis:80%\">\n<h2 class=\"wp-block-heading alignwide has-text-align-left has-xx-large-font-size\" style=\"font-style:normal;font-weight:300;line-height:0.9\">Rejoignez notre \u00e9quipe<\/h2>\n<\/div>\n\n\n\n<div class=\"wp-block-column is-vertically-aligned-bottom is-layout-flow wp-block-column-is-layout-flow\" style=\"flex-basis:20%\"><\/div>\n<\/div>\n<\/div>\n<\/div><\/div>\n\n\n\n<div class=\"wp-block-group alignfull is-layout-flow wp-block-group-is-layout-flow\" style=\"min-height:0vh;margin-top:0;margin-bottom:0;padding-top:var(--wp--preset--spacing--70);padding-right:var(--wp--preset--spacing--40);padding-bottom:var(--wp--preset--spacing--70);padding-left:var(--wp--preset--spacing--40)\">\n<div class=\"wp-block-group alignwide has-global-padding is-layout-constrained wp-container-core-group-is-layout-a4fc6c0c wp-block-group-is-layout-constrained\">\n<p class=\"has-text-align-center is-style-text-subtitle is-style-text-subtitle--1\">Vous \u00eates porteur d\u2019un <strong>projet d\u2019h\u00e9bergement<\/strong> insolite en r\u00e9gion Provence-Alpes-C\u00f4te d\u2019Azur ?<\/p>\n\n\n\n<p class=\"has-text-align-center is-style-text-subtitle is-style-text-subtitle--2\"><br><strong>Rejoignez<\/strong> une dynamique r\u00e9gionale engag\u00e9e et <strong>valorisez votre d\u00e9marche<\/strong> aupr\u00e8s d\u2019un public sensible aux valeurs du tourisme durable.<\/p>\n\n\n\n<div class=\"wp-block-buttons is-content-justification-center is-layout-flex wp-container-core-buttons-is-layout-a89b3969 wp-block-buttons-is-layout-flex\">\n<div class=\"wp-block-button\"><a class=\"wp-block-button__link wp-element-button\" href=\"#formulaire\">fAITES VOTRE DEMANDE<\/a><\/div>\n<\/div>\n<\/div>\n<\/div>\n\n\n\n<div class=\"wp-block-group alignfull is-style-section-3 has-global-padding is-layout-constrained wp-container-core-group-is-layout-3643edfc wp-block-group-is-layout-constrained is-style-section-3--3\" id=\"formulaire\" style=\"margin-top:0;margin-bottom:0;padding-top:var(--wp--preset--spacing--80);padding-bottom:var(--wp--preset--spacing--80)\"><style id=\"wpforms-css-vars-263-block-ccda1329-78c2-49ac-a490-233ff687b41b\">\n\t\t\t\t#wpforms-263.wpforms-block-ccda1329-78c2-49ac-a490-233ff687b41b {\n\t\t\t\t--wpforms-label-color: #0063bf;\n--wpforms-label-sublabel-color: #303d10;\n--wpforms-field-background-color: #51602833;\n--wpforms-field-border-color: #0063bf;\n--wpforms-field-border-color-spare: #0063bf;\n--wpforms-field-text-color: #303d10;\n--wpforms-field-menu-color: rgba( 0, 0, 0, 0 );\n--wpforms-button-border-radius: 45px;\n--wpforms-button-background-color: #0063bf;\n--wpforms-button-text-color: #fafaf8;\n--wpforms-button-border-color: #51602833;\n--wpforms-field-size-input-height: 43px;\n--wpforms-field-size-input-spacing: 15px;\n--wpforms-field-size-font-size: 16px;\n--wpforms-field-size-line-height: 19px;\n--wpforms-field-size-padding-h: 14px;\n--wpforms-field-size-checkbox-size: 16px;\n--wpforms-field-size-sublabel-spacing: 5px;\n--wpforms-field-size-icon-size: 1;\n--wpforms-label-size-font-size: 16px;\n--wpforms-label-size-line-height: 19px;\n--wpforms-label-size-sublabel-font-size: 14px;\n--wpforms-label-size-sublabel-line-height: 17px;\n--wpforms-button-size-font-size: 20px;\n--wpforms-button-size-height: 48px;\n--wpforms-button-size-padding-h: 20px;\n--wpforms-button-size-margin-top: 15px;\n\t\t\t}\n\t\t\t<\/style><div class=\"wpforms-container wpforms-container-full wpforms-block wpforms-block-ccda1329-78c2-49ac-a490-233ff687b41b wpforms-render-modern\" id=\"wpforms-263\"><form id=\"wpforms-form-263\" class=\"wpforms-validate wpforms-form wpforms-ajax-form\" data-formid=\"263\" method=\"post\" enctype=\"multipart\/form-data\" action=\"\/en\/wp-json\/wp\/v2\/pages\/93\" data-token=\"185bb8f57306ad3a0a2b1943e5d39989\" data-token-time=\"1777507203\"><div class=\"wpforms-head-container\"><div class=\"wpforms-title\">Devenir H\u00e9bergeur<\/div><div class=\"wpforms-description\">Merci de compl\u00e9ter le formulaire ci-dessous. Notre \u00e9quipe \u00e9tudiera votre demande et vous recontactera dans les meilleurs d\u00e9lais.<\/div><\/div><noscript class=\"wpforms-error-noscript\">Please enable JavaScript in your browser to complete this form.<\/noscript><div id=\"wpforms-error-noscript\" style=\"display: none;\">Please enable JavaScript in your browser to complete this form.<\/div><div class=\"wpforms-field-container\"><div id=\"wpforms-263-field_0-container\" class=\"wpforms-field wpforms-field-name\" data-field-id=\"0\"><fieldset><legend class=\"wpforms-field-label\">Nom de l\u2019h\u00e9bergeur <span class=\"wpforms-required-label\" aria-hidden=\"true\">*<\/span><\/legend><div class=\"wpforms-field-row wpforms-field-medium\"><div class=\"wpforms-field-row-block wpforms-first wpforms-one-half\"><input type=\"text\" id=\"wpforms-263-field_0\" class=\"wpforms-field-name-first wpforms-field-required\" name=\"wpforms[fields][0][first]\" aria-errormessage=\"wpforms-263-field_0-error\" required><label for=\"wpforms-263-field_0\" class=\"wpforms-field-sublabel after\">First<\/label><\/div><div class=\"wpforms-field-row-block wpforms-one-half\"><input type=\"text\" id=\"wpforms-263-field_0-last\" class=\"wpforms-field-name-last wpforms-field-required\" name=\"wpforms[fields][0][last]\" aria-errormessage=\"wpforms-263-field_0-last-error\" required><label for=\"wpforms-263-field_0-last\" class=\"wpforms-field-sublabel after\">Last<\/label><\/div><\/div><\/fieldset><\/div><div id=\"wpforms-263-field_1-container\" class=\"wpforms-field wpforms-field-email\" data-field-id=\"1\"><label class=\"wpforms-field-label\" for=\"wpforms-263-field_1\">Email <span class=\"wpforms-required-label\" aria-hidden=\"true\">*<\/span><\/label><input type=\"email\" id=\"wpforms-263-field_1\" class=\"wpforms-field-medium wpforms-field-required\" name=\"wpforms[fields][1]\" spellcheck=\"false\" aria-errormessage=\"wpforms-263-field_1-error\" aria-describedby=\"wpforms-263-field_1-description\" required><div id=\"wpforms-263-field_1-description\" class=\"wpforms-field-description\">Cette adresse sera utilis\u00e9e uniquement pour vous recontacter.<\/div><\/div><div id=\"wpforms-263-field_5-container\" class=\"wpforms-field wpforms-field-textarea\" data-field-id=\"5\"><label class=\"wpforms-field-label\" for=\"wpforms-263-field_5\">Type de logement <span class=\"wpforms-required-label\" aria-hidden=\"true\">*<\/span><\/label><textarea id=\"wpforms-263-field_5\" class=\"wpforms-field-medium wpforms-field-required\" name=\"wpforms[fields][5]\" placeholder=\"S\u00e9lectionnez le type d\u2019h\u00e9bergement principal.\" aria-errormessage=\"wpforms-263-field_5-error\" aria-describedby=\"wpforms-263-field_5-description\" required><\/textarea><div id=\"wpforms-263-field_5-description\" class=\"wpforms-field-description\">Cabane dans les arbres, Bulle transparente, Tiny house, Yourte\/habitat l\u00e9ger, H\u00e9bergement flottant, Refuge\/g\u00eete insolite, Autre<\/div><\/div><div id=\"wpforms-263-field_8-container\" class=\"wpforms-field wpforms-field-checkbox\" data-field-id=\"8\"><fieldset><legend class=\"wpforms-field-label\">D\u00e9partement <span class=\"wpforms-required-label\" aria-hidden=\"true\">*<\/span><\/legend><ul id=\"wpforms-263-field_8\" class=\"wpforms-field-required\" data-choice-limit=\"1\"><li class=\"choice-1 depth-1\"><input type=\"checkbox\" id=\"wpforms-263-field_8_1\" data-rule-check-limit=\"true\" name=\"wpforms[fields][8][]\" value=\"Alpes-de-Haute-Provence (04)\" aria-errormessage=\"wpforms-263-field_8_1-error\" aria-describedby=\"wpforms-263-field_8-description\" required ><label class=\"wpforms-field-label-inline\" for=\"wpforms-263-field_8_1\">Alpes-de-Haute-Provence (04)<\/label><\/li><li class=\"choice-3 depth-1\"><input type=\"checkbox\" id=\"wpforms-263-field_8_3\" data-rule-check-limit=\"true\" name=\"wpforms[fields][8][]\" value=\"Hautes-Alpes (05)\" aria-errormessage=\"wpforms-263-field_8_3-error\" aria-describedby=\"wpforms-263-field_8-description\" required ><label class=\"wpforms-field-label-inline\" for=\"wpforms-263-field_8_3\">Hautes-Alpes (05)<\/label><\/li><li class=\"choice-4 depth-1\"><input type=\"checkbox\" id=\"wpforms-263-field_8_4\" data-rule-check-limit=\"true\" name=\"wpforms[fields][8][]\" value=\"Alpes-Maritime (06)\" aria-errormessage=\"wpforms-263-field_8_4-error\" aria-describedby=\"wpforms-263-field_8-description\" required ><label class=\"wpforms-field-label-inline\" for=\"wpforms-263-field_8_4\">Alpes-Maritime (06)<\/label><\/li><li class=\"choice-5 depth-1\"><input type=\"checkbox\" id=\"wpforms-263-field_8_5\" data-rule-check-limit=\"true\" name=\"wpforms[fields][8][]\" value=\"Bouches-du-Rh\u00f4ne (13)\" aria-errormessage=\"wpforms-263-field_8_5-error\" aria-describedby=\"wpforms-263-field_8-description\" required ><label class=\"wpforms-field-label-inline\" for=\"wpforms-263-field_8_5\">Bouches-du-Rh\u00f4ne (13)<\/label><\/li><li class=\"choice-6 depth-1\"><input type=\"checkbox\" id=\"wpforms-263-field_8_6\" data-rule-check-limit=\"true\" name=\"wpforms[fields][8][]\" value=\"Var (83)\" aria-errormessage=\"wpforms-263-field_8_6-error\" aria-describedby=\"wpforms-263-field_8-description\" required ><label class=\"wpforms-field-label-inline\" for=\"wpforms-263-field_8_6\">Var (83)<\/label><\/li><li class=\"choice-7 depth-1\"><input type=\"checkbox\" id=\"wpforms-263-field_8_7\" data-rule-check-limit=\"true\" name=\"wpforms[fields][8][]\" value=\"Vaucluse (84)\" aria-errormessage=\"wpforms-263-field_8_7-error\" aria-describedby=\"wpforms-263-field_8-description\" required ><label class=\"wpforms-field-label-inline\" for=\"wpforms-263-field_8_7\">Vaucluse (84)<\/label><\/li><\/ul><div id=\"wpforms-263-field_8-description\" class=\"wpforms-field-description\">D\u00e9partement dans lequel se situe l\u2019h\u00e9bergement.<\/div><\/fieldset><\/div><div id=\"wpforms-263-field_11-container\" class=\"wpforms-field wpforms-field-text\" data-field-id=\"11\"><label class=\"wpforms-field-label\" for=\"wpforms-263-field_11\">Commune <span class=\"wpforms-required-label\" aria-hidden=\"true\">*<\/span><\/label><input type=\"text\" id=\"wpforms-263-field_11\" class=\"wpforms-field-medium wpforms-field-required\" name=\"wpforms[fields][11]\" placeholder=\"Indiquez la commune d\u2019implantation du projet.\" aria-errormessage=\"wpforms-263-field_11-error\" required><\/div><div id=\"wpforms-263-field_7-container\" class=\"wpforms-field wpforms-field-textarea\" data-field-id=\"7\"><label class=\"wpforms-field-label\" for=\"wpforms-263-field_7\">Pr\u00e9sentation du projet <span class=\"wpforms-required-label\" aria-hidden=\"true\">*<\/span><\/label><textarea id=\"wpforms-263-field_7\" class=\"wpforms-field-medium wpforms-field-required\" name=\"wpforms[fields][7]\" placeholder=\"D\u00e9crivez votre h\u00e9bergement, son environnement et les valeurs qu\u2019il porte (d\u00e9marche environnementale, ancrage local, singularit\u00e9 du lieu\u2026).\" aria-errormessage=\"wpforms-263-field_7-error\" required><\/textarea><\/div>\t\t<div id=\"wpforms-263-field_2-container\"\n\t\t\tclass=\"wpforms-field wpforms-field-text\"\n\t\t\tdata-field-type=\"text\"\n\t\t\tdata-field-id=\"2\"\n\t\t\t>\n\t\t\t<label class=\"wpforms-field-label\" for=\"wpforms-263-field_2\" >D\u00e9partement logement Pr\u00e9sentation<\/label>\n\t\t\t<input type=\"text\" id=\"wpforms-263-field_2\" class=\"wpforms-field-medium\" name=\"wpforms[fields][2]\" >\n\t\t<\/div>\n\t\t<div id=\"wpforms-263-field_4-container\" class=\"wpforms-field wpforms-field-checkbox\" data-field-id=\"4\"><fieldset><legend class=\"wpforms-field-label\">Conditions g\u00e9n\u00e9rales et accord <span class=\"wpforms-required-label\" aria-hidden=\"true\">*<\/span><\/legend><ul id=\"wpforms-263-field_4\" class=\"wpforms-field-required\"><li class=\"choice-1 depth-1\"><input type=\"checkbox\" id=\"wpforms-263-field_4_1\" name=\"wpforms[fields][4][]\" value=\"J\u2019accepte que les informations saisies soient utilis\u00e9es dans le cadre de ma demande de contact par la plateforme TERRA PACA.\" aria-errormessage=\"wpforms-263-field_4_1-error\" aria-describedby=\"wpforms-263-field_4-description\" required ><label class=\"wpforms-field-label-inline\" for=\"wpforms-263-field_4_1\">J\u2019accepte que les informations saisies soient utilis\u00e9es dans le cadre de ma demande de contact par la plateforme TERRA PACA.<\/label><\/li><\/ul><div id=\"wpforms-263-field_4-description\" class=\"wpforms-field-description\">En cochant la case ci-dessus, vous confirmez que toutes les informations relatives \u00e0 votre engagement de service communautaire sont exactes et conformes \u00e0 la r\u00e9alit\u00e9. Vous reconnaissez que votre r\u00e9f\u00e9rent pourra contacter l\u2019organisme concern\u00e9 afin de v\u00e9rifier votre participation.<\/div><\/fieldset><\/div><script>\n\t\t\t\t( function() {\n\t\t\t\t\tconst style = document.createElement( 'style' );\n\t\t\t\t\tstyle.appendChild( document.createTextNode( '#wpforms-263-field_2-container { position: absolute !important; overflow: hidden !important; display: inline !important; height: 1px !important; width: 1px !important; z-index: -1000 !important; padding: 0 !important; } #wpforms-263-field_2-container input { visibility: hidden; } #wpforms-conversational-form-page #wpforms-263-field_2-container label { counter-increment: none; }' ) );\n\t\t\t\t\tdocument.head.appendChild( style );\n\t\t\t\t\tdocument.currentScript?.remove();\n\t\t\t\t} )();\n\t\t\t<\/script><\/div><!-- .wpforms-field-container --><div class=\"wpforms-submit-container\" ><input type=\"hidden\" name=\"wpforms[id]\" value=\"263\"><input type=\"hidden\" name=\"page_title\" value=\"\"><input type=\"hidden\" name=\"page_url\" value=\"https:\/\/wikwiat.com\/en\/wp-json\/wp\/v2\/pages\/93\"><input type=\"hidden\" name=\"url_referer\" value=\"\"><button type=\"submit\" name=\"wpforms[submit]\" id=\"wpforms-submit-263\" class=\"wpforms-submit\" data-alt-text=\"Envoyer...\" data-submit-text=\"Soumettre\" aria-live=\"assertive\" value=\"wpforms-submit\">Soumettre<\/button><img loading=\"lazy\" decoding=\"async\" src=\"https:\/\/wikwiat.com\/wp-content\/plugins\/wpforms-lite\/assets\/images\/submit-spin.svg\" class=\"wpforms-submit-spinner\" style=\"display: none;\" width=\"26\" height=\"26\" alt=\"Loading\"><\/div><\/form><\/div>  <!-- .wpforms-container --><\/div>\n","protected":false},"excerpt":{"rendered":"<p>Vous \u00eates porteur d\u2019un projet d\u2019h\u00e9bergement insolite en r\u00e9gion Provence-Alpes-C\u00f4te d\u2019Azur ? Rejoignez une dynamique r\u00e9gionale engag\u00e9e et valorisez votre d\u00e9marche aupr\u00e8s d\u2019un public sensible aux valeurs du tourisme durable.<\/p>","protected":false},"author":1,"featured_media":0,"parent":0,"menu_order":0,"comment_status":"closed","ping_status":"closed","template":"page-no-title","meta":{"footnotes":""},"class_list":["post-93","page","type-page","status-publish","hentry"],"aioseo_notices":[],"_hostinger_reach_plugin_has_subscription_block":false,"_hostinger_reach_plugin_is_elementor":false,"_links":{"self":[{"href":"https:\/\/wikwiat.com\/en\/wp-json\/wp\/v2\/pages\/93","targetHints":{"allow":["GET"]}}],"collection":[{"href":"https:\/\/wikwiat.com\/en\/wp-json\/wp\/v2\/pages"}],"about":[{"href":"https:\/\/wikwiat.com\/en\/wp-json\/wp\/v2\/types\/page"}],"author":[{"embeddable":true,"href":"https:\/\/wikwiat.com\/en\/wp-json\/wp\/v2\/users\/1"}],"replies":[{"embeddable":true,"href":"https:\/\/wikwiat.com\/en\/wp-json\/wp\/v2\/comments?post=93"}],"version-history":[{"count":7,"href":"https:\/\/wikwiat.com\/en\/wp-json\/wp\/v2\/pages\/93\/revisions"}],"predecessor-version":[{"id":279,"href":"https:\/\/wikwiat.com\/en\/wp-json\/wp\/v2\/pages\/93\/revisions\/279"}],"wp:attachment":[{"href":"https:\/\/wikwiat.com\/en\/wp-json\/wp\/v2\/media?parent=93"}],"curies":[{"name":"wp","href":"https:\/\/api.w.org\/{rel}","templated":true}]}}