{"id":89,"date":"2026-03-01T17:44:51","date_gmt":"2026-03-01T17:44:51","guid":{"rendered":"https:\/\/wikwiat.com\/?page_id=89"},"modified":"2026-03-04T09:26:00","modified_gmt":"2026-03-04T09:26:00","slug":"experience","status":"publish","type":"page","link":"https:\/\/wikwiat.com\/en\/experience\/","title":{"rendered":"Exp\u00e9rience"},"content":{"rendered":"<div class=\"wp-block-group alignfull has-global-padding is-layout-constrained wp-block-group-is-layout-constrained\" style=\"margin-top:0;margin-bottom:0\">\n<div class=\"wp-block-columns alignfull is-style-section-5 is-layout-flex wp-container-core-columns-is-layout-9c22b1e3 wp-block-columns-is-layout-flex is-style-section-5--1\">\n<div class=\"wp-block-column is-layout-flow wp-block-column-is-layout-flow\" style=\"flex-basis:55%\">\n<div style=\"aspect-ratio:1;min-height:unset;\" class=\"wp-block-cover is-light has-aspect-ratio\"><img loading=\"lazy\" decoding=\"async\" width=\"683\" height=\"1024\" class=\"wp-block-cover__image-background wp-image-118 size-large\" alt=\"\" src=\"https:\/\/wikwiat.com\/wp-content\/uploads\/2026\/03\/pexels-martinpechy-1028225-683x1024.jpg\" data-object-fit=\"cover\" srcset=\"https:\/\/wikwiat.com\/wp-content\/uploads\/2026\/03\/pexels-martinpechy-1028225-683x1024.jpg 683w, https:\/\/wikwiat.com\/wp-content\/uploads\/2026\/03\/pexels-martinpechy-1028225-200x300.jpg 200w, https:\/\/wikwiat.com\/wp-content\/uploads\/2026\/03\/pexels-martinpechy-1028225-768x1152.jpg 768w, https:\/\/wikwiat.com\/wp-content\/uploads\/2026\/03\/pexels-martinpechy-1028225-1024x1536.jpg 1024w, https:\/\/wikwiat.com\/wp-content\/uploads\/2026\/03\/pexels-martinpechy-1028225-1365x2048.jpg 1365w, https:\/\/wikwiat.com\/wp-content\/uploads\/2026\/03\/pexels-martinpechy-1028225-8x12.jpg 8w, https:\/\/wikwiat.com\/wp-content\/uploads\/2026\/03\/pexels-martinpechy-1028225-scaled.jpg 1707w\" sizes=\"auto, (max-width: 683px) 100vw, 683px\" \/><span aria-hidden=\"true\" class=\"wp-block-cover__background has-background-dim-0 has-background-dim\" style=\"background-color:#999896\"><\/span><div class=\"wp-block-cover__inner-container is-layout-flow wp-block-cover-is-layout-flow\">\n<div style=\"height:var(--wp--preset--spacing--20)\" aria-hidden=\"true\" class=\"wp-block-spacer\"><\/div>\n<\/div><\/div>\n<\/div>\n\n\n\n<div class=\"wp-block-column is-vertically-aligned-center is-style-section-5 is-layout-flow wp-block-column-is-layout-flow is-style-section-5--2\" style=\"padding-top:var(--wp--preset--spacing--60);padding-right:var(--wp--preset--spacing--60);padding-bottom:var(--wp--preset--spacing--60);padding-left:var(--wp--preset--spacing--60)\">\n<h2 class=\"wp-block-heading has-xx-large-font-size\">PLUS qu&rsquo;un logement, une EXP\u00c9RIENCE<\/h2>\n\n\n\n<p>D\u00e9couvrez des lieux singuliers o\u00f9 nature, architecture et engagement se rencontrent.<\/p>\n\n\n\n<p>Chaque h\u00e9bergement r\u00e9f\u00e9renc\u00e9 par TERRA PACA propose bien plus qu\u2019un s\u00e9jour.<br>Il offre une immersion, une rencontre, une autre mani\u00e8re d\u2019habiter le territoire.<\/p>\n<\/div>\n<\/div>\n<\/div>\n\n\n\n<div class=\"wp-block-group alignfull has-global-padding is-layout-constrained wp-block-group-is-layout-constrained\" style=\"margin-top:0;margin-bottom:0;padding-top:var(--wp--preset--spacing--80);padding-bottom:var(--wp--preset--spacing--80)\">\n<h2 class=\"wp-block-heading alignwide has-text-align-center has-x-large-font-size\"><br>Choisissez votre h\u00e9bergement<\/h2>\n\n\n\n<hr class=\"wp-block-separator has-alpha-channel-opacity\"\/>\n\n\n\n<div class=\"wp-block-buttons alignwide has-custom-font-size has-medium-font-size popmake-337 is-content-justification-center is-layout-flex wp-container-core-buttons-is-layout-c124d1c4 wp-block-buttons-is-layout-flex\">\n<div class=\"wp-block-button popmake-337\"><a class=\"wp-block-button__link has-small-font-size has-custom-font-size wp-element-button\">dans un arbre<\/a><\/div>\n\n\n\n<div class=\"wp-block-button popmake-291\"><a class=\"wp-block-button__link has-small-font-size has-custom-font-size wp-element-button\"><span class=\"popup-trigger popmake-291\" data-popup-id=\"291\" data-do-default=\"0\">DANS UNE BULLES<\/span><\/a><\/div>\n\n\n\n<div class=\"wp-block-button popmake-344\"><a class=\"wp-block-button__link has-small-font-size has-custom-font-size wp-element-button\">AU BORD DE LA MER<\/a><\/div>\n\n\n\n<div class=\"wp-block-button popmake-354\"><a class=\"wp-block-button__link has-small-font-size has-custom-font-size wp-element-button\">DANS LES MONTAGNES<\/a><\/div>\n\n\n\n<div class=\"wp-block-button popmake-357\"><a class=\"wp-block-button__link has-small-font-size has-custom-font-size wp-element-button\">SOUS LES \u00c9TOILES<\/a><\/div>\n\n\n\n<div class=\"wp-block-button popmake-359\"><a class=\"wp-block-button__link has-small-font-size has-custom-font-size wp-element-button\">DANS UNE TENTE<\/a><\/div>\n\n\n\n<div class=\"wp-block-button popmake-362\"><a class=\"wp-block-button__link has-small-font-size has-custom-font-size wp-element-button\">SUR LA PLAGE<\/a><\/div>\n\n\n\n<div class=\"wp-block-button popmake-364\"><a class=\"wp-block-button__link has-small-font-size has-custom-font-size wp-element-button\">Sur un bateau<\/a><\/div>\n<\/div>\n<\/div>","protected":false},"excerpt":{"rendered":"<p>PLUS qu&rsquo;un logement, une EXP\u00c9RIENCE D\u00e9couvrez des lieux singuliers o\u00f9 nature, architecture et engagement se rencontrent. Chaque h\u00e9bergement r\u00e9f\u00e9renc\u00e9 par TERRA PACA propose bien plus qu\u2019un s\u00e9jour.Il offre une immersion, une rencontre, une autre mani\u00e8re d\u2019habiter le territoire. Choisissez votre h\u00e9bergement<\/p>","protected":false},"author":1,"featured_media":0,"parent":0,"menu_order":0,"comment_status":"closed","ping_status":"closed","template":"page-no-title","meta":{"footnotes":""},"class_list":["post-89","page","type-page","status-publish","hentry"],"aioseo_notices":[],"_hostinger_reach_plugin_has_subscription_block":false,"_hostinger_reach_plugin_is_elementor":false,"_links":{"self":[{"href":"https:\/\/wikwiat.com\/en\/wp-json\/wp\/v2\/pages\/89","targetHints":{"allow":["GET"]}}],"collection":[{"href":"https:\/\/wikwiat.com\/en\/wp-json\/wp\/v2\/pages"}],"about":[{"href":"https:\/\/wikwiat.com\/en\/wp-json\/wp\/v2\/types\/page"}],"author":[{"embeddable":true,"href":"https:\/\/wikwiat.com\/en\/wp-json\/wp\/v2\/users\/1"}],"replies":[{"embeddable":true,"href":"https:\/\/wikwiat.com\/en\/wp-json\/wp\/v2\/comments?post=89"}],"version-history":[{"count":12,"href":"https:\/\/wikwiat.com\/en\/wp-json\/wp\/v2\/pages\/89\/revisions"}],"predecessor-version":[{"id":366,"href":"https:\/\/wikwiat.com\/en\/wp-json\/wp\/v2\/pages\/89\/revisions\/366"}],"wp:attachment":[{"href":"https:\/\/wikwiat.com\/en\/wp-json\/wp\/v2\/media?parent=89"}],"curies":[{"name":"wp","href":"https:\/\/api.w.org\/{rel}","templated":true}]}}