{"id":87,"date":"2026-03-01T17:44:10","date_gmt":"2026-03-01T17:44:10","guid":{"rendered":"https:\/\/wikwiat.com\/?page_id=87"},"modified":"2026-03-03T08:50:20","modified_gmt":"2026-03-03T08:50:20","slug":"charte","status":"publish","type":"page","link":"https:\/\/wikwiat.com\/en\/charte\/","title":{"rendered":"Charte"},"content":{"rendered":"<div class=\"wp-block-cover alignfull is-light has-contrast-color has-text-color has-link-color wp-elements-64e368e46d4f30e0c24486521ddba037\" style=\"margin-top:0;margin-bottom:0;padding-top:var(--wp--preset--spacing--60);padding-right:var(--wp--preset--spacing--50);padding-bottom:var(--wp--preset--spacing--60);padding-left:var(--wp--preset--spacing--50)\"><span aria-hidden=\"true\" class=\"wp-block-cover__background has-base-background-color has-background-dim-100 has-background-dim\"><\/span><div class=\"wp-block-cover__inner-container has-global-padding is-layout-constrained wp-container-core-cover-is-layout-873ee6b1 wp-block-cover-is-layout-constrained\">\n<div class=\"wp-block-columns alignwide is-layout-flex wp-container-core-columns-is-layout-7ee84d44 wp-block-columns-is-layout-flex\">\n<div class=\"wp-block-column is-layout-flow wp-block-column-is-layout-flow\" style=\"flex-basis:65%\">\n<div class=\"wp-block-group is-vertical is-content-justification-stretch is-layout-flex wp-container-core-group-is-layout-353c4f5a wp-block-group-is-layout-flex\">\n<h2 class=\"wp-block-heading has-text-align-left\" style=\"font-size:clamp(5.174rem, 5.174rem + ((1vw - 0.2rem) * 10.707), 12rem);font-style:normal;font-weight:300;letter-spacing:-0.03em;line-height:1.4\">CHARTE<\/h2>\n\n\n\n<p class=\"is-style-text-subtitle is-style-text-subtitle--1\">La r\u00e9gion Provence-Alpes-C\u00f4te d\u2019Azur s\u2019engage pour un tourisme plus responsable.<\/p>\n\n\n\n<p class=\"is-style-text-subtitle is-style-text-subtitle--2\"><br>Cette charte d\u00e9finit les valeurs communes port\u00e9es par les h\u00e9bergeurs r\u00e9f\u00e9renc\u00e9s sur cette plateforme.<\/p>\n<\/div>\n<\/div>\n\n\n\n<div class=\"wp-block-column is-layout-flow wp-block-column-is-layout-flow\" style=\"flex-basis:35%\">\n<div class=\"wp-block-group is-vertical is-content-justification-stretch is-nowrap is-layout-flex wp-container-core-group-is-layout-73b0033c wp-block-group-is-layout-flex\">\n<figure class=\"wp-block-image size-full\"><img loading=\"lazy\" decoding=\"async\" width=\"1707\" height=\"2560\" src=\"https:\/\/wikwiat.com\/wp-content\/uploads\/2026\/03\/pexels-enrique-2887574-scaled.jpg\" alt=\"\" class=\"wp-image-113\" style=\"aspect-ratio:3\/4;object-fit:cover\" srcset=\"https:\/\/wikwiat.com\/wp-content\/uploads\/2026\/03\/pexels-enrique-2887574-scaled.jpg 1707w, https:\/\/wikwiat.com\/wp-content\/uploads\/2026\/03\/pexels-enrique-2887574-200x300.jpg 200w, https:\/\/wikwiat.com\/wp-content\/uploads\/2026\/03\/pexels-enrique-2887574-683x1024.jpg 683w, https:\/\/wikwiat.com\/wp-content\/uploads\/2026\/03\/pexels-enrique-2887574-768x1152.jpg 768w, https:\/\/wikwiat.com\/wp-content\/uploads\/2026\/03\/pexels-enrique-2887574-1024x1536.jpg 1024w, https:\/\/wikwiat.com\/wp-content\/uploads\/2026\/03\/pexels-enrique-2887574-1365x2048.jpg 1365w, https:\/\/wikwiat.com\/wp-content\/uploads\/2026\/03\/pexels-enrique-2887574-8x12.jpg 8w\" sizes=\"auto, (max-width: 1707px) 100vw, 1707px\" \/><\/figure>\n\n\n\n<p class=\"has-text-align-right biodiversite is-style-default has-x-large-font-size\" id=\"bio\" style=\"line-height:1\"><a href=\"#bio\" type=\"internal\" id=\"#bio\">1-BIODIVERSIT\u00c9<\/a><\/p>\n\n\n\n<p class=\"has-text-align-right \u00e9quit\u00e9 has-x-large-font-size\" style=\"line-height:1\"><a href=\"#sociale\" type=\"internal\" id=\"#sociale\">2-\u00c9QUIT\u00c9 SOCIALE<\/a><\/p>\n\n\n\n<p class=\"has-text-align-right \u00e9quit\u00e9 is-style-default has-x-large-font-size\" style=\"line-height:1\"><a href=\"#economie\" type=\"internal\" id=\"#economie\">3-\u00c9CONOMIE RESPONSABLE<\/a><\/p>\n<\/div>\n<\/div>\n<\/div>\n<\/div><\/div>\n\n\n\n<section class=\"wp-block-group alignfull biodiversite is-style-section-4 has-global-padding is-layout-constrained wp-block-group-is-layout-constrained is-style-section-4--3\" style=\"margin-top:0;margin-bottom:0\">\n<div class=\"wp-block-group alignwide is-layout-grid wp-container-core-group-is-layout-5fdb10e5 wp-block-group-is-layout-grid\" id=\"bio\" style=\"padding-top:var(--wp--preset--spacing--50);padding-bottom:var(--wp--preset--spacing--50)\">\n<div class=\"wp-block-group is-vertical is-content-justification-stretch is-nowrap is-layout-flex wp-container-core-group-is-layout-627337ab wp-block-group-is-layout-flex\">\n<div class=\"wp-block-group is-vertical is-content-justification-left is-layout-flex wp-container-core-group-is-layout-dd225191 wp-block-group-is-layout-flex\">\n<h2 class=\"wp-block-heading is-style-text-annotation is-style-text-annotation--4\" id=\"aioseo-biodiversite-18\">BIODIVERSIT\u00c9<\/h2>\n\n\n\n<h2 class=\"wp-block-heading\" id=\"aioseo-1-biodiversite-19\">1- BIODIVERSIT\u00c9<\/h2>\n\n\n\n<p class=\"is-style-text-subtitle has-medium-font-size is-style-text-subtitle--5\"><strong>Pr\u00e9server<\/strong> les paysages, la faune et la flore qui font la richesse du territoire est une <strong>priorit\u00e9<\/strong>.<br>Les h\u00e9bergements s\u2019inscrivent dans leur environnement avec respect, en <strong>limitant leur impact<\/strong> et en <strong>valorisant les ressources naturelles<\/strong> locales.<\/p>\n<\/div>\n\n\n\n<figure class=\"wp-block-image size-full\"><img loading=\"lazy\" decoding=\"async\" width=\"2560\" height=\"1440\" src=\"https:\/\/wikwiat.com\/wp-content\/uploads\/2026\/03\/pexels-baskincreativeco-1480807-scaled.jpg\" alt=\"\" class=\"wp-image-217\" style=\"aspect-ratio:16\/9;object-fit:cover\" srcset=\"https:\/\/wikwiat.com\/wp-content\/uploads\/2026\/03\/pexels-baskincreativeco-1480807-scaled.jpg 2560w, https:\/\/wikwiat.com\/wp-content\/uploads\/2026\/03\/pexels-baskincreativeco-1480807-300x169.jpg 300w, https:\/\/wikwiat.com\/wp-content\/uploads\/2026\/03\/pexels-baskincreativeco-1480807-1024x576.jpg 1024w, https:\/\/wikwiat.com\/wp-content\/uploads\/2026\/03\/pexels-baskincreativeco-1480807-768x432.jpg 768w, https:\/\/wikwiat.com\/wp-content\/uploads\/2026\/03\/pexels-baskincreativeco-1480807-1536x864.jpg 1536w, https:\/\/wikwiat.com\/wp-content\/uploads\/2026\/03\/pexels-baskincreativeco-1480807-2048x1152.jpg 2048w, https:\/\/wikwiat.com\/wp-content\/uploads\/2026\/03\/pexels-baskincreativeco-1480807-18x10.jpg 18w\" sizes=\"auto, (max-width: 2560px) 100vw, 2560px\" \/><\/figure>\n<\/div>\n\n\n\n<figure class=\"wp-block-image size-full\"><img loading=\"lazy\" decoding=\"async\" width=\"2560\" height=\"1707\" src=\"https:\/\/wikwiat.com\/wp-content\/uploads\/2026\/03\/pexels-mali-109391-scaled.jpg\" alt=\"\" class=\"wp-image-216\" style=\"aspect-ratio:3\/4;object-fit:cover\" srcset=\"https:\/\/wikwiat.com\/wp-content\/uploads\/2026\/03\/pexels-mali-109391-scaled.jpg 2560w, https:\/\/wikwiat.com\/wp-content\/uploads\/2026\/03\/pexels-mali-109391-300x200.jpg 300w, https:\/\/wikwiat.com\/wp-content\/uploads\/2026\/03\/pexels-mali-109391-1024x683.jpg 1024w, https:\/\/wikwiat.com\/wp-content\/uploads\/2026\/03\/pexels-mali-109391-768x512.jpg 768w, https:\/\/wikwiat.com\/wp-content\/uploads\/2026\/03\/pexels-mali-109391-1536x1024.jpg 1536w, https:\/\/wikwiat.com\/wp-content\/uploads\/2026\/03\/pexels-mali-109391-2048x1365.jpg 2048w, https:\/\/wikwiat.com\/wp-content\/uploads\/2026\/03\/pexels-mali-109391-18x12.jpg 18w\" sizes=\"auto, (max-width: 2560px) 100vw, 2560px\" \/><\/figure>\n<\/div>\n<\/section>\n\n\n\n<section class=\"wp-block-group alignfull sociale has-global-padding is-layout-constrained wp-block-group-is-layout-constrained\" style=\"margin-top:0;margin-bottom:0\">\n<div class=\"wp-block-group alignwide is-layout-grid wp-container-core-group-is-layout-5fdb10e5 wp-block-group-is-layout-grid\" id=\"sociale\" style=\"padding-top:var(--wp--preset--spacing--50);padding-bottom:var(--wp--preset--spacing--50)\">\n<figure class=\"wp-block-image size-full\"><img loading=\"lazy\" decoding=\"async\" width=\"2560\" height=\"1708\" src=\"https:\/\/wikwiat.com\/wp-content\/uploads\/2026\/03\/pexels-fauxels-3184183-scaled.jpg\" alt=\"\" class=\"wp-image-223\" style=\"aspect-ratio:3\/4;object-fit:cover\" srcset=\"https:\/\/wikwiat.com\/wp-content\/uploads\/2026\/03\/pexels-fauxels-3184183-scaled.jpg 2560w, https:\/\/wikwiat.com\/wp-content\/uploads\/2026\/03\/pexels-fauxels-3184183-300x200.jpg 300w, https:\/\/wikwiat.com\/wp-content\/uploads\/2026\/03\/pexels-fauxels-3184183-1024x683.jpg 1024w, https:\/\/wikwiat.com\/wp-content\/uploads\/2026\/03\/pexels-fauxels-3184183-768x513.jpg 768w, https:\/\/wikwiat.com\/wp-content\/uploads\/2026\/03\/pexels-fauxels-3184183-1536x1025.jpg 1536w, https:\/\/wikwiat.com\/wp-content\/uploads\/2026\/03\/pexels-fauxels-3184183-2048x1367.jpg 2048w, https:\/\/wikwiat.com\/wp-content\/uploads\/2026\/03\/pexels-fauxels-3184183-18x12.jpg 18w\" sizes=\"auto, (max-width: 2560px) 100vw, 2560px\" \/><\/figure>\n\n\n\n<div class=\"wp-block-group is-vertical is-content-justification-stretch is-nowrap is-layout-flex wp-container-core-group-is-layout-627337ab wp-block-group-is-layout-flex\">\n<div class=\"wp-block-group is-vertical is-content-justification-left is-layout-flex wp-container-core-group-is-layout-dd225191 wp-block-group-is-layout-flex\">\n<h2 class=\"wp-block-heading is-style-text-annotation is-style-text-annotation--6\" id=\"aioseo-equite-sociale-28\">\u00c9QUIT\u00c9 SOCIALE<\/h2>\n\n\n\n<h2 class=\"wp-block-heading\" id=\"aioseo-2-equite-sociale-29\">2- \u00c9QUIT\u00c9 SOCIALE<\/h2>\n\n\n\n<p class=\"is-style-text-subtitle has-medium-font-size is-style-text-subtitle--7\">Le tourisme doit \u00eatre un levier de <strong>partage et d\u2019inclusion<\/strong>.<br>Les projets soutenus <strong>favorisent l\u2019emploi local<\/strong>, l\u2019<strong>accessibilit\u00e9<\/strong> et des <strong>relations humaines<\/strong> respectueuses entre visiteurs, habitants et professionnels.<\/p>\n<\/div>\n\n\n\n<figure class=\"wp-block-image size-full\"><img loading=\"lazy\" decoding=\"async\" width=\"2560\" height=\"2470\" src=\"https:\/\/wikwiat.com\/wp-content\/uploads\/2026\/03\/pexels-frans-van-heerden-201846-10818098-scaled.jpg\" alt=\"\" class=\"wp-image-221\" style=\"aspect-ratio:16\/9;object-fit:cover\" srcset=\"https:\/\/wikwiat.com\/wp-content\/uploads\/2026\/03\/pexels-frans-van-heerden-201846-10818098-scaled.jpg 2560w, https:\/\/wikwiat.com\/wp-content\/uploads\/2026\/03\/pexels-frans-van-heerden-201846-10818098-300x289.jpg 300w, https:\/\/wikwiat.com\/wp-content\/uploads\/2026\/03\/pexels-frans-van-heerden-201846-10818098-1024x988.jpg 1024w, https:\/\/wikwiat.com\/wp-content\/uploads\/2026\/03\/pexels-frans-van-heerden-201846-10818098-768x741.jpg 768w, https:\/\/wikwiat.com\/wp-content\/uploads\/2026\/03\/pexels-frans-van-heerden-201846-10818098-1536x1482.jpg 1536w, https:\/\/wikwiat.com\/wp-content\/uploads\/2026\/03\/pexels-frans-van-heerden-201846-10818098-2048x1976.jpg 2048w, https:\/\/wikwiat.com\/wp-content\/uploads\/2026\/03\/pexels-frans-van-heerden-201846-10818098-12x12.jpg 12w\" sizes=\"auto, (max-width: 2560px) 100vw, 2560px\" \/><\/figure>\n<\/div>\n<\/div>\n<\/section>\n\n\n\n<section class=\"wp-block-group alignfull economie is-style-section-4 has-global-padding is-layout-constrained wp-block-group-is-layout-constrained is-style-section-4--8\" style=\"margin-top:0;margin-bottom:0\">\n<div class=\"wp-block-group alignwide is-layout-grid wp-container-core-group-is-layout-5fdb10e5 wp-block-group-is-layout-grid\" id=\"economie\" style=\"padding-top:var(--wp--preset--spacing--50);padding-bottom:var(--wp--preset--spacing--50)\">\n<div class=\"wp-block-group is-vertical is-content-justification-stretch is-nowrap is-layout-flex wp-container-core-group-is-layout-627337ab wp-block-group-is-layout-flex\">\n<div class=\"wp-block-group is-vertical is-content-justification-left is-layout-flex wp-container-core-group-is-layout-dd225191 wp-block-group-is-layout-flex\">\n<h2 class=\"wp-block-heading is-style-text-annotation is-style-text-annotation--9\" id=\"aioseo-economie-responsable-36\">\u00c9CONOMIE RESPONSABLE<\/h2>\n\n\n\n<h2 class=\"wp-block-heading\" id=\"aioseo-3-economie-responsable-37\">3- \u00c9CONOMIE RESPONSABLE<\/h2>\n\n\n\n<p class=\"is-style-text-subtitle has-medium-font-size is-style-text-subtitle--10\">D\u00e9velopper une <strong>activit\u00e9 durable<\/strong>, ancr\u00e9e dans le territoire, en privil\u00e9giant les <strong>circuits courts<\/strong>, les <strong>savoir-faire locaux<\/strong> et une <strong>croissance ma\u00eetris\u00e9e<\/strong>.<\/p>\n<\/div>\n\n\n\n<figure class=\"wp-block-image size-full\"><img loading=\"lazy\" decoding=\"async\" width=\"2560\" height=\"1707\" src=\"https:\/\/wikwiat.com\/wp-content\/uploads\/2026\/03\/pexels-wendywei-18180984-scaled.jpg\" alt=\"\" class=\"wp-image-219\" style=\"aspect-ratio:16\/9;object-fit:cover\" srcset=\"https:\/\/wikwiat.com\/wp-content\/uploads\/2026\/03\/pexels-wendywei-18180984-scaled.jpg 2560w, https:\/\/wikwiat.com\/wp-content\/uploads\/2026\/03\/pexels-wendywei-18180984-300x200.jpg 300w, https:\/\/wikwiat.com\/wp-content\/uploads\/2026\/03\/pexels-wendywei-18180984-1024x683.jpg 1024w, https:\/\/wikwiat.com\/wp-content\/uploads\/2026\/03\/pexels-wendywei-18180984-768x512.jpg 768w, https:\/\/wikwiat.com\/wp-content\/uploads\/2026\/03\/pexels-wendywei-18180984-1536x1024.jpg 1536w, https:\/\/wikwiat.com\/wp-content\/uploads\/2026\/03\/pexels-wendywei-18180984-2048x1365.jpg 2048w, https:\/\/wikwiat.com\/wp-content\/uploads\/2026\/03\/pexels-wendywei-18180984-18x12.jpg 18w\" sizes=\"auto, (max-width: 2560px) 100vw, 2560px\" \/><\/figure>\n<\/div>\n\n\n\n<figure class=\"wp-block-image size-full\"><img loading=\"lazy\" decoding=\"async\" width=\"1920\" height=\"2560\" src=\"https:\/\/wikwiat.com\/wp-content\/uploads\/2026\/03\/pexels-julieaagaard-2097094-scaled.jpg\" alt=\"\" class=\"wp-image-225\" style=\"aspect-ratio:3\/4;object-fit:cover\" srcset=\"https:\/\/wikwiat.com\/wp-content\/uploads\/2026\/03\/pexels-julieaagaard-2097094-scaled.jpg 1920w, https:\/\/wikwiat.com\/wp-content\/uploads\/2026\/03\/pexels-julieaagaard-2097094-225x300.jpg 225w, https:\/\/wikwiat.com\/wp-content\/uploads\/2026\/03\/pexels-julieaagaard-2097094-768x1024.jpg 768w, https:\/\/wikwiat.com\/wp-content\/uploads\/2026\/03\/pexels-julieaagaard-2097094-1152x1536.jpg 1152w, https:\/\/wikwiat.com\/wp-content\/uploads\/2026\/03\/pexels-julieaagaard-2097094-1536x2048.jpg 1536w, https:\/\/wikwiat.com\/wp-content\/uploads\/2026\/03\/pexels-julieaagaard-2097094-9x12.jpg 9w\" sizes=\"auto, (max-width: 1920px) 100vw, 1920px\" \/><\/figure>\n<\/div>\n<\/section>\n\n\n\n<p><\/p>","protected":false},"excerpt":{"rendered":"<p>BIODIVERSIT\u00c9 1- BIODIVERSIT\u00c9 Pr\u00e9server les paysages, la faune et la flore qui font la richesse du territoire est une priorit\u00e9.Les h\u00e9bergements s\u2019inscrivent dans leur environnement avec respect, en limitant leur impact et en valorisant les ressources naturelles locales. \u00c9QUIT\u00c9 SOCIALE 2- \u00c9QUIT\u00c9 SOCIALE Le tourisme doit \u00eatre un levier de partage et d\u2019inclusion.Les projets soutenus [&hellip;]<\/p>\n","protected":false},"author":1,"featured_media":0,"parent":0,"menu_order":0,"comment_status":"closed","ping_status":"closed","template":"page-no-title","meta":{"footnotes":""},"class_list":["post-87","page","type-page","status-publish","hentry"],"aioseo_notices":[],"_hostinger_reach_plugin_has_subscription_block":false,"_hostinger_reach_plugin_is_elementor":false,"_links":{"self":[{"href":"https:\/\/wikwiat.com\/en\/wp-json\/wp\/v2\/pages\/87","targetHints":{"allow":["GET"]}}],"collection":[{"href":"https:\/\/wikwiat.com\/en\/wp-json\/wp\/v2\/pages"}],"about":[{"href":"https:\/\/wikwiat.com\/en\/wp-json\/wp\/v2\/types\/page"}],"author":[{"embeddable":true,"href":"https:\/\/wikwiat.com\/en\/wp-json\/wp\/v2\/users\/1"}],"replies":[{"embeddable":true,"href":"https:\/\/wikwiat.com\/en\/wp-json\/wp\/v2\/comments?post=87"}],"version-history":[{"count":7,"href":"https:\/\/wikwiat.com\/en\/wp-json\/wp\/v2\/pages\/87\/revisions"}],"predecessor-version":[{"id":278,"href":"https:\/\/wikwiat.com\/en\/wp-json\/wp\/v2\/pages\/87\/revisions\/278"}],"wp:attachment":[{"href":"https:\/\/wikwiat.com\/en\/wp-json\/wp\/v2\/media?parent=87"}],"curies":[{"name":"wp","href":"https:\/\/api.w.org\/{rel}","templated":true}]}}